{"id":495,"date":"2018-06-04T22:37:12","date_gmt":"2018-06-04T20:37:12","guid":{"rendered":"http:\/\/kbfv.stclemens-kaldenkirchen.de\/?page_id=495"},"modified":"2018-06-04T22:37:12","modified_gmt":"2018-06-04T20:37:12","slug":"datenschutzerklaerung","status":"publish","type":"page","link":"http:\/\/kbfv.stclemens-kaldenkirchen.de\/?page_id=495","title":{"rendered":"Datenschutzerkl\u00e4rung"},"content":{"rendered":"<p>Wir nehmen den Schutz personenbezogener Daten sehr ernst und m\u00f6chten, dass Sie wissen, wann wir welche Daten speichern und wie wir sie verwenden.<\/p>\n<p><strong>Erhebung von Zugriffsdaten<\/strong><\/p>\n<p>Bei jedem Zugriff eines Nutzers auf eine Seite aus unserem Internetauftritt und bei jedem Abruf einer Datei werden Zugriffsdaten \u00fcber diesen Vorgang in einer Protokolldatei auf unserem Server gespeichert.<\/p>\n<h5>Jeder Datensatz besteht aus:<\/h5>\n<ul>\n<li>der Seite, von der aus die Datei angefordert wurde<\/li>\n<li>dem Namen der Datei<\/li>\n<li>dem Datum und Uhrzeit der Anforderung<\/li>\n<li>der \u00fcbertragene Datenmenge<\/li>\n<li>dem Zugriffsstatus (Datei \u00fcbertragen, Datei nicht gefunden etc.)<\/li>\n<li>einer Beschreibung des Typs des verwendeten Webbrowsers<\/li>\n<li>Client IP-Adresse<\/li>\n<\/ul>\n<p>Die gespeicherten Daten werden ausschlie\u00dflich zu statistischen Zwecken, zur Behebung technischer Probleme sowie zur Abwehr von sog. Hacker-Angriffen ausgewertet. Eine Weitergabe dieser Daten an Dritte zu kommerziellen oder nicht-kommerziellen Zwecken findet nicht statt.<\/p>\n<p>Die Betreiber dieser Seiten nehmen den Schutz Ihrer pers\u00f6nlichen Daten sehr ernst. Wir behandeln Ihre personenbezogenen Daten vertraulich und entsprechend der gesetzlichen Datenschutzvorschriften sowie dieser Datenschutzerkl\u00e4rung.<br \/>\nDie Nutzung unserer Webseite ist in der Regel ohne Angabe personenbezogener Daten m\u00f6glich. Soweit auf unseren Seiten personenbezogene Daten (beispielsweise Name, Anschrift oder E-Mail-Adressen) erhoben werden, erfolgt dies stets auf freiwilliger Basis. Diese Daten werden ohne Ihre ausdr\u00fcckliche Zustimmung nicht an Dritte weitergegeben.<\/p>\n<p>Wir weisen darauf hin, dass die Daten\u00fcbertragung im Internet (z.B. bei der Kommunikation per E-Mail) Sicherheitsl\u00fccken aufweisen kann. Ein l\u00fcckenloser Schutz der Daten vor dem Zugriff durch Dritte ist nicht m\u00f6glich.<\/p>\n<p><strong>Recht auf Auskunft, L\u00f6schung, Sperrung<\/strong><\/p>\n<p>Sie haben jederzeit das Recht auf unentgeltliche Auskunft \u00fcber Ihre gespeicherten personenbezogenen Daten, deren Herkunft und Empf\u00e4nger und den Zweck der Datenverarbeitung sowie ein Recht auf Berichtigung, Sperrung oder L\u00f6schung dieser Daten. Hierzu sowie zu weiteren Fragen zum Thema personenbezogene Daten k\u00f6nnen Sie sich jederzeit unter der e-Mail Adresse info@stclemens-kaldenkirchen.de an uns wenden.<\/p>\n","protected":false},"excerpt":{"rendered":"<p>Wir nehmen den Schutz personenbezogener Daten sehr ernst und m\u00f6chten, dass Sie wissen, wann wir welche Daten speichern und wie wir sie verwenden. Erhebung von Zugriffsdaten Bei jedem Zugriff eines Nutzers auf eine Seite aus unserem Internetauftritt und bei jedem Abruf einer Datei werden Zugriffsdaten \u00fcber diesen Vorgang in einer Protokolldatei auf unserem Server gespeichert. &hellip; <a href=\"http:\/\/kbfv.stclemens-kaldenkirchen.de\/?page_id=495\" class=\"more-link\"><span class=\"screen-reader-text\">Datenschutzerkl\u00e4rung<\/span> weiterlesen <span class=\"meta-nav\">&rarr;<\/span><\/a><\/p>\n","protected":false},"author":1,"featured_media":0,"parent":0,"menu_order":0,"comment_status":"closed","ping_status":"closed","template":"","meta":[],"_links":{"self":[{"href":"http:\/\/kbfv.stclemens-kaldenkirchen.de\/index.php?rest_route=\/wp\/v2\/pages\/495"}],"collection":[{"href":"http:\/\/kbfv.stclemens-kaldenkirchen.de\/index.php?rest_route=\/wp\/v2\/pages"}],"about":[{"href":"http:\/\/kbfv.stclemens-kaldenkirchen.de\/index.php?rest_route=\/wp\/v2\/types\/page"}],"author":[{"embeddable":true,"href":"http:\/\/kbfv.stclemens-kaldenkirchen.de\/index.php?rest_route=\/wp\/v2\/users\/1"}],"replies":[{"embeddable":true,"href":"http:\/\/kbfv.stclemens-kaldenkirchen.de\/index.php?rest_route=%2Fwp%2Fv2%2Fcomments&post=495"}],"version-history":[{"count":1,"href":"http:\/\/kbfv.stclemens-kaldenkirchen.de\/index.php?rest_route=\/wp\/v2\/pages\/495\/revisions"}],"predecessor-version":[{"id":496,"href":"http:\/\/kbfv.stclemens-kaldenkirchen.de\/index.php?rest_route=\/wp\/v2\/pages\/495\/revisions\/496"}],"wp:attachment":[{"href":"http:\/\/kbfv.stclemens-kaldenkirchen.de\/index.php?rest_route=%2Fwp%2Fv2%2Fmedia&parent=495"}],"curies":[{"name":"wp","href":"https:\/\/api.w.org\/{rel}","templated":true}]}}